{"id":776,"date":"2022-02-24T09:53:05","date_gmt":"2022-02-24T09:53:05","guid":{"rendered":"https:\/\/momocia.com\/lessons"},"modified":"2024-03-07T18:53:55","modified_gmt":"2024-03-07T18:53:55","slug":"testimoniales","status":"publish","type":"page","link":"https:\/\/momocia.com\/ca\/testimoniales\/","title":{"rendered":"Testimonials"},"content":{"rendered":"<div class=\"wp-block-uagb-container uagb-block-c70a18fc alignfull uagb-is-root-container\"><div class=\"uagb-container-inner-blocks-wrap\">\n<div class=\"wp-block-cover is-layout-constrained wp-block-cover-is-layout-constrained\" style=\"min-height:677px;aspect-ratio:unset;\"><span aria-hidden=\"true\" class=\"wp-block-cover__background has-background-dim\"><\/span><video class=\"wp-block-cover__video-background intrinsic-ignore\" autoplay muted loop playsinline src=\"https:\/\/momocia.com\/wp-content\/uploads\/2024\/03\/IMG_0.mov\" data-object-fit=\"cover\"><\/video><div class=\"wp-block-cover__inner-container\"><\/div><\/div>\n\n\n\n<div class=\"wp-block-uagb-advanced-heading uagb-block-7d89579a\"><h1 class=\"uagb-heading-text\">Testimonials<\/h1><p class=\"uagb-desc-text\">Descobreix que diuen de l'espectacle gestual Welcome<\/p><\/div>\n\n\n\n<p><\/p>\n<\/div><\/div>\n\n\n\n<div style=\"height:4px\" aria-hidden=\"true\" class=\"wp-block-spacer\"><\/div>\n\n\n\n<div class=\"wp-block-uagb-container uag-hide-desktop uag-hide-tab uag-hide-mob uagb-block-6076db2a alignfull uagb-is-root-container\"><div class=\"uagb-container-inner-blocks-wrap\">\n<div class=\"wp-block-uagb-container uagb-block-13a09097\">\n<div class=\"wp-block-uagb-advanced-heading uagb-block-7f3649b0\"><h5 class=\"uagb-heading-text\">Percussive Guitar<br>Riff<\/h5><\/div>\n\n\n\n<div class=\"wp-block-uagb-buttons uagb-buttons__outer-wrap uagb-btn__default-btn uagb-btn-tablet__default-btn uagb-btn-mobile__default-btn uagb-block-d77f7448\"><div class=\"uagb-buttons__wrap uagb-buttons-layout-wrap\">\n<div class=\"wp-block-uagb-buttons-child uagb-buttons__outer-wrap uagb-block-bcc6aac8 wp-block-button\"><div class=\"uagb-button__wrapper\"><a class=\"uagb-buttons-repeater wp-block-button__link\" aria-label=\"\" href=\"#\" rel=\"follow noopener\" target=\"_self\"><div class=\"uagb-button__link\">free tabs &amp; Cords<\/div><\/a><\/div><\/div>\n<\/div><\/div>\n<\/div>\n\n\n\n<div class=\"wp-block-uagb-container uagb-block-1b844486\">\n<div class=\"wp-block-uagb-advanced-heading uagb-block-789f7d5e\"><h5 class=\"uagb-heading-text\">Percussive Guitar Riff<br>Volume 3<\/h5><\/div>\n\n\n\n<div class=\"wp-block-uagb-buttons uagb-buttons__outer-wrap uagb-btn__default-btn uagb-btn-tablet__default-btn uagb-btn-mobile__default-btn uagb-block-e0c320de\"><div class=\"uagb-buttons__wrap uagb-buttons-layout-wrap\">\n<div class=\"wp-block-uagb-buttons-child uagb-buttons__outer-wrap uagb-block-fb52752b wp-block-button\"><div class=\"uagb-button__wrapper\"><a class=\"uagb-buttons-repeater wp-block-button__link\" aria-label=\"\" href=\"#\" rel=\"follow noopener\" target=\"_self\"><div class=\"uagb-button__link\">free tabs &amp; Cords<\/div><\/a><\/div><\/div>\n<\/div><\/div>\n<\/div>\n\n\n\n<div class=\"wp-block-uagb-container uagb-block-1d8f803b\">\n<div class=\"wp-block-uagb-advanced-heading uagb-block-20696c83\"><h5 class=\"uagb-heading-text\">Percussive Guitar Riff<br>Volume 4<\/h5><\/div>\n\n\n\n<div class=\"wp-block-uagb-buttons uagb-buttons__outer-wrap uagb-btn__default-btn uagb-btn-tablet__default-btn uagb-btn-mobile__default-btn uagb-block-95e32cff\"><div class=\"uagb-buttons__wrap uagb-buttons-layout-wrap\">\n<div class=\"wp-block-uagb-buttons-child uagb-buttons__outer-wrap uagb-block-a2490edc wp-block-button\"><div class=\"uagb-button__wrapper\"><a class=\"uagb-buttons-repeater wp-block-button__link\" aria-label=\"\" href=\"#\" rel=\"follow noopener\" target=\"_self\"><div class=\"uagb-button__link\">free tabs &amp; Cords<\/div><\/a><\/div><\/div>\n<\/div><\/div>\n<\/div>\n<\/div><\/div>\n\n\n\n<section class=\"wp-block-uagb-columns uagb-columns__wrap uagb-columns__background-none uagb-columns__stack-mobile uagb-columns__valign- uagb-columns__gap-10 align uagb-block-c710c16d uagb-columns__columns-2 uagb-columns__max_width-theme\"><div class=\"uagb-columns__overlay\"><\/div><div class=\"uagb-columns__inner-wrap uagb-columns__columns-2\">\n<div class=\"wp-block-uagb-column uagb-column__wrap uagb-column__background-undefined uagb-block-a0f361ea\"><div class=\"uagb-column__overlay\"><\/div>\n<figure class=\"wp-block-embed is-type-video is-provider-youtube wp-block-embed-youtube wp-embed-aspect-16-9 wp-has-aspect-ratio\"><div class=\"wp-block-embed__wrapper\">\n<div class=\"ast-oembed-container\" style=\"height: 100%;\"><iframe loading=\"lazy\" title=\"Opini\u00f3 p\u00fablic sord sobre l&#039;espectacle accessible Welcome\" width=\"500\" height=\"281\" src=\"https:\/\/www.youtube.com\/embed\/2bCapxXdtT0?feature=oembed\" frameborder=\"0\" allow=\"accelerometer; autoplay; clipboard-write; encrypted-media; gyroscope; picture-in-picture; web-share\" referrerpolicy=\"strict-origin-when-cross-origin\" allowfullscreen><\/iframe><\/div>\n<\/div><\/figure>\n\n\n\n<h6 class=\"wp-block-heading has-ast-global-color-6-color has-text-color has-link-color wp-elements-4c2a329d2c128677f85b3070c36176c5\" style=\"margin-top:var(--wp--preset--spacing--20);margin-bottom:var(--wp--preset--spacing--20);padding-top:0;padding-bottom:0\">Opini\u00f3 del p\u00fablic signant<\/h6>\n\n\n\n<p class=\"has-ast-global-color-7-color has-text-color has-link-color wp-elements-684e84dc28948b444ff66093efa5b6c6\">Sobre l'espectacle accessible Welcome<\/p>\n<\/div>\n\n\n\n<div class=\"wp-block-uagb-column uagb-column__wrap uagb-column__background-undefined uagb-block-d552f79d\"><div class=\"uagb-column__overlay\"><\/div>\n<figure class=\"wp-block-embed is-type-video is-provider-youtube wp-block-embed-youtube wp-embed-aspect-16-9 wp-has-aspect-ratio\"><div class=\"wp-block-embed__wrapper\">\n<div class=\"ast-oembed-container\" style=\"height: 100%;\"><iframe loading=\"lazy\" title=\"El p\u00fablic o\u00efdor ent\u00e9n i apr\u00e8n Llengua de signes\" width=\"500\" height=\"281\" src=\"https:\/\/www.youtube.com\/embed\/hRG7-SDkEx0?feature=oembed\" frameborder=\"0\" allow=\"accelerometer; autoplay; clipboard-write; encrypted-media; gyroscope; picture-in-picture; web-share\" referrerpolicy=\"strict-origin-when-cross-origin\" allowfullscreen><\/iframe><\/div>\n<\/div><\/figure>\n\n\n\n<h6 class=\"wp-block-heading wp-embed-aspect-16-9 wp-has-aspect-ratio\" style=\"margin-top:var(--wp--preset--spacing--20);margin-right:0;margin-bottom:var(--wp--preset--spacing--20);margin-left:0;padding-right:0;padding-left:0\">Opini\u00f3 del p\u00fablic o\u00efdor <\/h6>\n\n\n\n<p class=\"wp-embed-aspect-16-9 wp-has-aspect-ratio has-ast-global-color-7-color has-text-color has-link-color wp-elements-3fa5863f6974da0871f09e1dc1a50241\">El p\u00fablic o\u00efdor ent\u00e9n i apr\u00e8n Llengua de signes<\/p>\n<\/div>\n<\/div><\/section>\n\n\n\n<section class=\"wp-block-uagb-columns uagb-columns__wrap uagb-columns__background-none uagb-columns__stack-mobile uagb-columns__valign- uagb-columns__gap-10 align uagb-block-268e84bd uagb-columns__columns-2 uagb-columns__max_width-theme\"><div class=\"uagb-columns__overlay\"><\/div><div class=\"uagb-columns__inner-wrap uagb-columns__columns-2\">\n<div class=\"wp-block-uagb-column uagb-column__wrap uagb-column__background-undefined uagb-block-e6cf5315\"><div class=\"uagb-column__overlay\"><\/div>\n<figure class=\"wp-block-embed is-type-video is-provider-youtube wp-block-embed-youtube wp-embed-aspect-16-9 wp-has-aspect-ratio\"><div class=\"wp-block-embed__wrapper\">\n<div class=\"ast-oembed-container\" style=\"height: 100%;\"><iframe loading=\"lazy\" title=\"Opini\u00f3 p\u00fablic sobre la tem\u00e0tica de l&#039;espectacle\" width=\"500\" height=\"281\" src=\"https:\/\/www.youtube.com\/embed\/La6SwbA1YLU?feature=oembed\" frameborder=\"0\" allow=\"accelerometer; autoplay; clipboard-write; encrypted-media; gyroscope; picture-in-picture; web-share\" referrerpolicy=\"strict-origin-when-cross-origin\" allowfullscreen><\/iframe><\/div>\n<\/div><\/figure>\n\n\n\n<h6 class=\"wp-block-heading has-ast-global-color-6-color has-text-color has-link-color wp-elements-fdaefc8c86373d89c4322689ca20e58b\" style=\"margin-top:var(--wp--preset--spacing--20);margin-bottom:var(--wp--preset--spacing--20);padding-top:0;padding-bottom:0\">Opini\u00f3 p\u00fablic <\/h6>\n\n\n\n<p class=\"has-ast-global-color-7-color has-text-color has-link-color wp-elements-c6a40d0782f3d33b5126329511d04f8a\">Testimonial sobre la propietat<\/p>\n<\/div>\n\n\n\n<div class=\"wp-block-uagb-column uagb-column__wrap uagb-column__background-undefined uagb-block-bec7d894\"><div class=\"uagb-column__overlay\"><\/div>\n<figure class=\"wp-block-embed is-type-video is-provider-youtube wp-block-embed-youtube wp-embed-aspect-16-9 wp-has-aspect-ratio\"><div class=\"wp-block-embed__wrapper\">\n<div class=\"ast-oembed-container\" style=\"height: 100%;\"><iframe loading=\"lazy\" title=\"Opini\u00f3 p\u00fablic sord i o\u00efdor\" width=\"500\" height=\"281\" src=\"https:\/\/www.youtube.com\/embed\/AfbiDbuLes0?feature=oembed\" frameborder=\"0\" allow=\"accelerometer; autoplay; clipboard-write; encrypted-media; gyroscope; picture-in-picture; web-share\" referrerpolicy=\"strict-origin-when-cross-origin\" allowfullscreen><\/iframe><\/div>\n<\/div><\/figure>\n\n\n\n<h6 class=\"wp-block-heading wp-embed-aspect-16-9 wp-has-aspect-ratio\" style=\"margin-top:var(--wp--preset--spacing--20);margin-right:0;margin-bottom:var(--wp--preset--spacing--20);margin-left:0;padding-right:0;padding-left:0\">Opini\u00f3 p\u00fablic sord i o\u00efdor<\/h6>\n\n\n\n<p class=\"wp-embed-aspect-16-9 wp-has-aspect-ratio has-ast-global-color-7-color has-text-color has-link-color wp-elements-d99ea92cfa2e68b4d2db2069dde29a35\">Sobre l'espectacle accessible Welcome<\/p>\n<\/div>\n<\/div><\/section>\n\n\n\n<div class=\"wp-block-uagb-container uag-hide-desktop uag-hide-tab uag-hide-mob uagb-block-45eeceb3 alignfull uagb-is-root-container\"><div class=\"uagb-container__shape uagb-container__shape-top uagb-container__shape-flip\"><svg xmlns=\"https:\/\/www.w3.org\/2000\/svg\" viewbox=\"0 0 1000 100\" preserveaspectratio=\"none\"><path class=\"uagb-container__shape-fill\" d=\"M0,6V0h1000v100L0,6z\"><\/path><\/svg><\/div><div class=\"uagb-container__shape uagb-container__shape-bottom uagb-container__shape-flip uagb-container__invert\" data-negative=\"false\"><svg xmlns=\"https:\/\/www.w3.org\/2000\/svg\" viewbox=\"0 0 1000 100\" preserveaspectratio=\"none\"><path class=\"uagb-container__shape-fill\" d=\"M0,6V0h1000v100L0,6z\"><\/path><\/svg><\/div>\n<div class=\"wp-block-uagb-advanced-heading uagb-block-a813bffd\"><h3 class=\"uagb-heading-text\">Newsletter<\/h3><\/div>\n<\/div>\n\n\n\n<div class=\"wp-block-uagb-container uag-hide-desktop uag-hide-tab uag-hide-mob uagb-block-df605caa alignfull uagb-is-root-container\">\n<div class=\"wp-block-uagb-container uagb-block-aa77d4a9\">\n<div class=\"wp-block-uagb-image uagb-block-86fd9282 wp-block-uagb-image--layout-default wp-block-uagb-image--effect-static wp-block-uagb-image--align-none\"><figure class=\"wp-block-uagb-image__figure\"><img decoding=\"async\" srcset=\"https:\/\/momocia.com\/wp-content\/uploads\/2021\/06\/stay-in-touch.jpg 1280w, https:\/\/momocia.com\/wp-content\/uploads\/2021\/06\/stay-in-touch-300x200.jpg 300w, https:\/\/momocia.com\/wp-content\/uploads\/2021\/06\/stay-in-touch-1024x682.jpg 1024w, https:\/\/momocia.com\/wp-content\/uploads\/2021\/06\/stay-in-touch-768x512.jpg 768w\" sizes=\"auto, (max-width: 480px) 150px\" src=\"https:\/\/momocia.com\/wp-content\/uploads\/2021\/06\/stay-in-touch.jpg\" alt=\"\" class=\"uag-image-198\" width=\"1280\" height=\"853\" title=\"\" loading=\"lazy\"\/><\/figure><\/div>\n<\/div>\n\n\n\n<div class=\"wp-block-uagb-container uagb-block-8d3daff8\">\n<div class=\"wp-block-uagb-advanced-heading uagb-block-6ed98b61\"><h5 class=\"uagb-heading-text\">Stay In Touch With Me, Get Every Day, New Tabs, Tips &amp;Amp; Tricks<\/h5><p class=\"uagb-desc-text\">You&#8217;ll also get occasional news on tour dates and new music releases.\u200b<\/p><\/div>\n\n\n\n<div class=\"wp-block-uagb-forms uagb-forms__outer-wrap uagb-block-d276cdda uagb-forms__default-btn uagb-forms-inline-field uagb-forms-button-desk-width-25 uagb-forms-column-gap-5\"><form class=\"uagb-forms-main-form\" method=\"post\" autocomplete=\"on\" name=\"uagb-form-d276cdda\" action=\"\">\n\n<div class=\"wp-block-uagb-forms-email uagb-forms-email-wrap uagb-forms-field-set uagb-block-256e3189 uagb-forms-field-desk-width-66\"><div class=\"uagb-forms-email-label  uagb-forms-input-label\" id=\"256e3189\">Email<\/div><input type=\"email\" class=\"uagb-forms-email-input uagb-forms-input\" placeholder=\"Enter email address\" name=\"256e3189\" autocomplete=\"email\"\/><\/div>\n\n<div class=\"uagb-forms-form-hidden-data\"><input type=\"hidden\" class=\"uagb_forms_form_label\" value=\"Spectra Form\"\/><input type=\"hidden\" class=\"uagb_forms_form_id\" value=\"uagb-form-d276cdda\"\/><\/div><div class=\"uagb-form-reacaptcha-error-d276cdda\"><\/div><div class=\"uagb-forms-main-submit-button-wrap wp-block-button\"><button class=\"uagb-forms-main-submit-button wp-block-button__link\"><div class=\"uagb-forms-main-submit-button-text\">Subscribe<\/div><\/button><\/div><input type=\"hidden\" name=\"trp-form-language\" value=\"ca\"\/><\/form><div class=\"uagb-forms-success-message-d276cdda uagb-forms-submit-message-hide\"><span>The form has been submitted successfully!<\/span><\/div><div class=\"uagb-forms-failed-message-d276cdda uagb-forms-submit-message-hide\"><span>There has been some error while submitting the form. Please verify all form fields again.<\/span><\/div><\/div>\n<\/div>\n<\/div>","protected":false},"excerpt":{"rendered":"<p>Testimoniales Descubre que dicen del espect\u00e1culo gestual Welcome Percussive GuitarRiff Percussive Guitar RiffVolume 3 Percussive Guitar RiffVolume 4 Opini\u00f3n del p\u00fablico signante Sobre el espect\u00e1culo accesible Welcome Opini\u00f3n del p\u00fablico oyente El p\u00fablico oyente entiende y aprende Lengua de signos Opini\u00f3n p\u00fablico Testimonial sobre la propiedad Opini\u00f3n p\u00fablico sordo y oyente Sobre el espect\u00e1culo accesible [&hellip;]<\/p>","protected":false},"author":1,"featured_media":0,"parent":0,"menu_order":0,"comment_status":"closed","ping_status":"closed","template":"","meta":{"_uag_custom_page_level_css":"","site-sidebar-layout":"no-sidebar","site-content-layout":"plain-container","ast-site-content-layout":"normal-width-container","site-content-style":"unboxed","site-sidebar-style":"unboxed","ast-global-header-display":"","ast-banner-title-visibility":"","ast-main-header-display":"","ast-hfb-above-header-display":"","ast-hfb-below-header-display":"","ast-hfb-mobile-header-display":"","site-post-title":"disabled","ast-breadcrumbs-content":"","ast-featured-img":"disabled","footer-sml-layout":"","theme-transparent-header-meta":"enabled","adv-header-id-meta":"","stick-header-meta":"","header-above-stick-meta":"","header-main-stick-meta":"","header-below-stick-meta":"","astra-migrate-meta-layouts":"set","ast-page-background-enabled":"default","ast-page-background-meta":{"desktop":{"background-color":"","background-image":"","background-repeat":"repeat","background-position":"center center","background-size":"auto","background-attachment":"scroll","background-type":"","background-media":"","overlay-type":"","overlay-color":"","overlay-gradient":""},"tablet":{"background-color":"","background-image":"","background-repeat":"repeat","background-position":"center center","background-size":"auto","background-attachment":"scroll","background-type":"","background-media":"","overlay-type":"","overlay-color":"","overlay-gradient":""},"mobile":{"background-color":"","background-image":"","background-repeat":"repeat","background-position":"center center","background-size":"auto","background-attachment":"scroll","background-type":"","background-media":"","overlay-type":"","overlay-color":"","overlay-gradient":""}},"ast-content-background-meta":{"desktop":{"background-color":"var(--ast-global-color-5)","background-image":"","background-repeat":"repeat","background-position":"center center","background-size":"auto","background-attachment":"scroll","background-type":"","background-media":"","overlay-type":"","overlay-color":"","overlay-gradient":""},"tablet":{"background-color":"var(--ast-global-color-5)","background-image":"","background-repeat":"repeat","background-position":"center center","background-size":"auto","background-attachment":"scroll","background-type":"","background-media":"","overlay-type":"","overlay-color":"","overlay-gradient":""},"mobile":{"background-color":"var(--ast-global-color-5)","background-image":"","background-repeat":"repeat","background-position":"center center","background-size":"auto","background-attachment":"scroll","background-type":"","background-media":"","overlay-type":"","overlay-color":"","overlay-gradient":""}},"footnotes":""},"class_list":["post-776","page","type-page","status-publish","hentry"],"uagb_featured_image_src":{"full":false,"thumbnail":false,"medium":false,"medium_large":false,"large":false,"1536x1536":false,"2048x2048":false,"trp-custom-language-flag":false},"uagb_author_info":{"display_name":"WELCOM_Admin","author_link":"https:\/\/momocia.com\/ca\/author\/welcom_admin\/"},"uagb_comment_info":0,"uagb_excerpt":"Testimoniales Descubre que dicen del espect\u00e1culo gestual Welcome Percussive GuitarRiff Percussive Guitar RiffVolume 3 Percussive Guitar RiffVolume 4 Opini\u00f3n del p\u00fablico signante Sobre el espect\u00e1culo accesible Welcome Opini\u00f3n del p\u00fablico oyente El p\u00fablico oyente entiende y aprende Lengua de signos Opini\u00f3n p\u00fablico Testimonial sobre la propiedad Opini\u00f3n p\u00fablico sordo y oyente Sobre el espect\u00e1culo accesible&hellip;","_links":{"self":[{"href":"https:\/\/momocia.com\/ca\/wp-json\/wp\/v2\/pages\/776","targetHints":{"allow":["GET"]}}],"collection":[{"href":"https:\/\/momocia.com\/ca\/wp-json\/wp\/v2\/pages"}],"about":[{"href":"https:\/\/momocia.com\/ca\/wp-json\/wp\/v2\/types\/page"}],"author":[{"embeddable":true,"href":"https:\/\/momocia.com\/ca\/wp-json\/wp\/v2\/users\/1"}],"replies":[{"embeddable":true,"href":"https:\/\/momocia.com\/ca\/wp-json\/wp\/v2\/comments?post=776"}],"version-history":[{"count":18,"href":"https:\/\/momocia.com\/ca\/wp-json\/wp\/v2\/pages\/776\/revisions"}],"predecessor-version":[{"id":2146,"href":"https:\/\/momocia.com\/ca\/wp-json\/wp\/v2\/pages\/776\/revisions\/2146"}],"wp:attachment":[{"href":"https:\/\/momocia.com\/ca\/wp-json\/wp\/v2\/media?parent=776"}],"curies":[{"name":"wp","href":"https:\/\/api.w.org\/{rel}","templated":true}]}}